{"id":358,"date":"2023-02-12T16:01:23","date_gmt":"2023-02-12T16:01:23","guid":{"rendered":"https:\/\/dean-waveland.com\/?page_id=358"},"modified":"2023-03-16T19:06:19","modified_gmt":"2023-03-16T19:06:19","slug":"impressum-2","status":"publish","type":"page","link":"https:\/\/dean-waveland.com\/?page_id=358","title":{"rendered":"Impressum"},"content":{"rendered":"\t\t<div data-elementor-type=\"wp-page\" data-elementor-id=\"358\" class=\"elementor elementor-358\">\n\t\t\t\t\t\t<section class=\"elementor-section elementor-top-section elementor-element elementor-element-6f4a9dc0 elementor-section-full_width elementor-section-height-default elementor-section-height-default\" data-id=\"6f4a9dc0\" data-element_type=\"section\" data-settings=\"{&quot;background_background&quot;:&quot;video&quot;,&quot;background_video_link&quot;:&quot;https:\\\/\\\/vimeo.com\\\/796054216\\\/23596f20c4&quot;,&quot;background_play_on_mobile&quot;:&quot;yes&quot;}\">\n\t\t\t\t\t\t\t\t<div class=\"elementor-background-video-container\">\n\t\t\t\t\t\t\t\t\t\t\t\t\t<div class=\"elementor-background-video-embed\"><\/div>\n\t\t\t\t\t\t\t\t\t\t\t\t<\/div>\n\t\t\t\t\t\t\t\t\t<div class=\"elementor-background-overlay\"><\/div>\n\t\t\t\t\t\t\t<div class=\"elementor-container elementor-column-gap-default\">\n\t\t\t\t\t<div class=\"elementor-column elementor-col-33 elementor-top-column elementor-element elementor-element-2af60b5b\" data-id=\"2af60b5b\" data-element_type=\"column\">\n\t\t\t<div class=\"elementor-widget-wrap elementor-element-populated\">\n\t\t\t\t\t\t<div class=\"elementor-element elementor-element-225bfbc1 elementor-widget elementor-widget-image\" data-id=\"225bfbc1\" data-element_type=\"widget\" data-widget_type=\"image.default\">\n\t\t\t\t<div class=\"elementor-widget-container\">\n\t\t\t\t\t\t\t\t\t\t\t\t\t\t\t<img fetchpriority=\"high\" decoding=\"async\" width=\"1024\" height=\"562\" src=\"https:\/\/dean-waveland.com\/wp-content\/uploads\/2023\/02\/DW-dunkler-plus-2--1024x562.png\" class=\"attachment-large size-large wp-image-167\" alt=\"\" srcset=\"https:\/\/dean-waveland.com\/wp-content\/uploads\/2023\/02\/DW-dunkler-plus-2--1024x562.png 1024w, https:\/\/dean-waveland.com\/wp-content\/uploads\/2023\/02\/DW-dunkler-plus-2--300x165.png 300w, https:\/\/dean-waveland.com\/wp-content\/uploads\/2023\/02\/DW-dunkler-plus-2--768x421.png 768w, https:\/\/dean-waveland.com\/wp-content\/uploads\/2023\/02\/DW-dunkler-plus-2--1536x843.png 1536w, https:\/\/dean-waveland.com\/wp-content\/uploads\/2023\/02\/DW-dunkler-plus-2--2048x1123.png 2048w\" sizes=\"(max-width: 1024px) 100vw, 1024px\" \/>\t\t\t\t\t\t\t\t\t\t\t\t\t\t\t<\/div>\n\t\t\t\t<\/div>\n\t\t\t\t\t<\/div>\n\t\t<\/div>\n\t\t\t\t<div class=\"elementor-column elementor-col-33 elementor-top-column elementor-element elementor-element-66d490a1\" data-id=\"66d490a1\" data-element_type=\"column\">\n\t\t\t<div class=\"elementor-widget-wrap elementor-element-populated\">\n\t\t\t\t\t\t<div class=\"elementor-element elementor-element-7e9413d6 elementor-widget elementor-widget-spacer\" data-id=\"7e9413d6\" data-element_type=\"widget\" data-widget_type=\"spacer.default\">\n\t\t\t\t<div class=\"elementor-widget-container\">\n\t\t\t\t\t\t\t<div class=\"elementor-spacer\">\n\t\t\t<div class=\"elementor-spacer-inner\"><\/div>\n\t\t<\/div>\n\t\t\t\t\t\t<\/div>\n\t\t\t\t<\/div>\n\t\t\t\t\t<\/div>\n\t\t<\/div>\n\t\t\t\t<div class=\"elementor-column elementor-col-33 elementor-top-column elementor-element elementor-element-39f02dcc\" data-id=\"39f02dcc\" data-element_type=\"column\">\n\t\t\t<div class=\"elementor-widget-wrap\">\n\t\t\t\t\t\t\t<\/div>\n\t\t<\/div>\n\t\t\t\t\t<\/div>\n\t\t<\/section>\n\t\t\t\t<section class=\"elementor-section elementor-top-section elementor-element elementor-element-a014251 elementor-section-boxed elementor-section-height-default elementor-section-height-default\" data-id=\"a014251\" data-element_type=\"section\" data-settings=\"{&quot;background_background&quot;:&quot;classic&quot;}\">\n\t\t\t\t\t\t<div class=\"elementor-container elementor-column-gap-default\">\n\t\t\t\t\t<div class=\"elementor-column elementor-col-100 elementor-top-column elementor-element elementor-element-5401937\" data-id=\"5401937\" data-element_type=\"column\">\n\t\t\t<div class=\"elementor-widget-wrap elementor-element-populated\">\n\t\t\t\t\t\t<div class=\"elementor-element elementor-element-182e5e9 elementor-widget elementor-widget-text-editor\" data-id=\"182e5e9\" data-element_type=\"widget\" data-widget_type=\"text-editor.default\">\n\t\t\t\t<div class=\"elementor-widget-container\">\n\t\t\t\t\t\t\t\t\t<p>Impressum<\/p><p>Diensteanbieter<br \/>Katja Amberg DEJAVUE Musikverlag<\/p><p>Weissdornring 3<\/p><p>16833 Fehrbellin<\/p><p>Deutschland<\/p><p>Kontaktm\u00f6glichkeiten<br \/>E-Mail-Adresse:<\/p><p>studio [ at ] dejavue-musikverlag.de<\/p><p>Kontaktformular:<\/p><p><a href=\"https:\/\/dejavue-musikverlag.de\/kontakt\">https:\/\/dejavue-musikverlag.de\/kontakt<\/a><\/p><p>Angaben zum Unternehmen<br \/>Umsatzsteuer Identifikationsnummer (USt-ID):<\/p><p>DE328380555<\/p><p>Social Media und andere Onlinepr\u00e4senzen<br \/>Dieses Impressum gilt auch f\u00fcr die folgenden Social-Media-Pr\u00e4senzen und Onlineprofile:<\/p><p>Facebook: https:\/\/www.facebook.com\/profile.php?id=100070597311367<\/p><p>Instagram: https:\/\/www.instagram.com\/dean_waveland\/<\/p><p>\u00a0<\/p><p><br \/>Haftungs- und Schutzrechtshinweise<br \/>Urheberrechte und Markenrechte: Alle auf dieser Website dargestellten Inhalte, wie Texte, Fotografien, Grafiken, Marken und Warenzeichen sind durch die jeweiligen Schutzrechte (Urheberrechte, Markenrechte) gesch\u00fctzt. Die Verwendung, Vervielf\u00e4ltigung usw. unterliegen unseren Rechten oder den Rechten der jeweiligen Urheber bzw. Rechteinhaber.<\/p><p>Webdesing:<br \/><a href=\"https:\/\/moritz-amberg.com\">Moritz Amberg MediaManagement\u00a0<\/a><\/p><p><a href=\"https:\/\/datenschutz-generator.de\/\">Erstellt mit kostenlosem Datenschutz-Generator.de von Dr. Thomas Schwenke<\/a><\/p>\t\t\t\t\t\t\t\t<\/div>\n\t\t\t\t<\/div>\n\t\t\t\t<div class=\"elementor-element elementor-element-9d506a2 elementor-widget elementor-widget-spacer\" data-id=\"9d506a2\" data-element_type=\"widget\" data-widget_type=\"spacer.default\">\n\t\t\t\t<div class=\"elementor-widget-container\">\n\t\t\t\t\t\t\t<div class=\"elementor-spacer\">\n\t\t\t<div class=\"elementor-spacer-inner\"><\/div>\n\t\t<\/div>\n\t\t\t\t\t\t<\/div>\n\t\t\t\t<\/div>\n\t\t\t\t\t<\/div>\n\t\t<\/div>\n\t\t\t\t\t<\/div>\n\t\t<\/section>\n\t\t\t\t<\/div>\n\t\t","protected":false},"excerpt":{"rendered":"<p>Impressum DiensteanbieterKatja Amberg DEJAVUE Musikverlag Weissdornring 3 16833 Fehrbellin Deutschland Kontaktm\u00f6glichkeitenE-Mail-Adresse: studio [ at ] dejavue-musikverlag.de Kontaktformular: https:\/\/dejavue-musikverlag.de\/kontakt Angaben zum UnternehmenUmsatzsteuer Identifikationsnummer (USt-ID): DE328380555 Social Media und andere Onlinepr\u00e4senzenDieses Impressum gilt auch f\u00fcr die folgenden Social-Media-Pr\u00e4senzen und Onlineprofile: Facebook: https:\/\/www.facebook.com\/profile.php?id=100070597311367 Instagram: https:\/\/www.instagram.com\/dean_waveland\/ \u00a0 Haftungs- und SchutzrechtshinweiseUrheberrechte und Markenrechte: Alle auf dieser Website dargestellten Inhalte, wie [&hellip;]<\/p>\n","protected":false},"author":1,"featured_media":0,"parent":0,"menu_order":0,"comment_status":"closed","ping_status":"closed","template":"","meta":{"ocean_post_layout":"full-screen","ocean_both_sidebars_style":"","ocean_both_sidebars_content_width":0,"ocean_both_sidebars_sidebars_width":0,"ocean_sidebar":"0","ocean_second_sidebar":"0","ocean_disable_margins":"on","ocean_add_body_class":"","ocean_shortcode_before_top_bar":"","ocean_shortcode_after_top_bar":"","ocean_shortcode_before_header":"","ocean_shortcode_after_header":"","ocean_has_shortcode":"","ocean_shortcode_after_title":"","ocean_shortcode_before_footer_widgets":"","ocean_shortcode_after_footer_widgets":"","ocean_shortcode_before_footer_bottom":"","ocean_shortcode_after_footer_bottom":"","ocean_display_top_bar":"off","ocean_display_header":"off","ocean_header_style":"","ocean_center_header_left_menu":"0","ocean_custom_header_template":"0","ocean_custom_logo":0,"ocean_custom_retina_logo":0,"ocean_custom_logo_max_width":0,"ocean_custom_logo_tablet_max_width":0,"ocean_custom_logo_mobile_max_width":0,"ocean_custom_logo_max_height":0,"ocean_custom_logo_tablet_max_height":0,"ocean_custom_logo_mobile_max_height":0,"ocean_header_custom_menu":"0","ocean_menu_typo_font_family":"0","ocean_menu_typo_font_subset":"","ocean_menu_typo_font_size":0,"ocean_menu_typo_font_size_tablet":0,"ocean_menu_typo_font_size_mobile":0,"ocean_menu_typo_font_size_unit":"px","ocean_menu_typo_font_weight":"","ocean_menu_typo_font_weight_tablet":"","ocean_menu_typo_font_weight_mobile":"","ocean_menu_typo_transform":"","ocean_menu_typo_transform_tablet":"","ocean_menu_typo_transform_mobile":"","ocean_menu_typo_line_height":0,"ocean_menu_typo_line_height_tablet":0,"ocean_menu_typo_line_height_mobile":0,"ocean_menu_typo_line_height_unit":"","ocean_menu_typo_spacing":0,"ocean_menu_typo_spacing_tablet":0,"ocean_menu_typo_spacing_mobile":0,"ocean_menu_typo_spacing_unit":"","ocean_menu_link_color":"","ocean_menu_link_color_hover":"","ocean_menu_link_color_active":"","ocean_menu_link_background":"","ocean_menu_link_hover_background":"","ocean_menu_link_active_background":"","ocean_menu_social_links_bg":"","ocean_menu_social_hover_links_bg":"","ocean_menu_social_links_color":"","ocean_menu_social_hover_links_color":"","ocean_disable_title":"on","ocean_disable_heading":"default","ocean_post_title":"","ocean_post_subheading":"","ocean_post_title_style":"","ocean_post_title_background_color":"","ocean_post_title_background":0,"ocean_post_title_bg_image_position":"","ocean_post_title_bg_image_attachment":"","ocean_post_title_bg_image_repeat":"","ocean_post_title_bg_image_size":"","ocean_post_title_height":0,"ocean_post_title_bg_overlay":0.5,"ocean_post_title_bg_overlay_color":"","ocean_disable_breadcrumbs":"default","ocean_breadcrumbs_color":"","ocean_breadcrumbs_separator_color":"","ocean_breadcrumbs_links_color":"","ocean_breadcrumbs_links_hover_color":"","ocean_display_footer_widgets":"default","ocean_display_footer_bottom":"default","ocean_custom_footer_template":"0","footnotes":""},"yoast_head":"<!-- This site is optimized with the Yoast SEO plugin v22.6 - https:\/\/yoast.com\/wordpress\/plugins\/seo\/ -->\n<title>Impressum - Dean Waveland<\/title>\n<meta name=\"robots\" content=\"index, follow, max-snippet:-1, max-image-preview:large, max-video-preview:-1\" \/>\n<link rel=\"canonical\" href=\"https:\/\/dean-waveland.com\/?page_id=358\" \/>\n<meta property=\"og:locale\" content=\"de_DE\" \/>\n<meta property=\"og:type\" content=\"article\" \/>\n<meta property=\"og:title\" content=\"Impressum - Dean Waveland\" \/>\n<meta property=\"og:description\" content=\"Impressum DiensteanbieterKatja Amberg DEJAVUE Musikverlag Weissdornring 3 16833 Fehrbellin Deutschland Kontaktm\u00f6glichkeitenE-Mail-Adresse: studio [ at ] dejavue-musikverlag.de Kontaktformular: https:\/\/dejavue-musikverlag.de\/kontakt Angaben zum UnternehmenUmsatzsteuer Identifikationsnummer (USt-ID): DE328380555 Social Media und andere Onlinepr\u00e4senzenDieses Impressum gilt auch f\u00fcr die folgenden Social-Media-Pr\u00e4senzen und Onlineprofile: Facebook: https:\/\/www.facebook.com\/profile.php?id=100070597311367 Instagram: https:\/\/www.instagram.com\/dean_waveland\/ \u00a0 Haftungs- und SchutzrechtshinweiseUrheberrechte und Markenrechte: Alle auf dieser Website dargestellten Inhalte, wie [&hellip;]\" \/>\n<meta property=\"og:url\" content=\"https:\/\/dean-waveland.com\/?page_id=358\" \/>\n<meta property=\"og:site_name\" content=\"Dean Waveland\" \/>\n<meta property=\"article:modified_time\" content=\"2023-03-16T19:06:19+00:00\" \/>\n<meta property=\"og:image\" content=\"https:\/\/dean-waveland.com\/wp-content\/uploads\/2023\/02\/DW-dunkler-plus-2--1024x562.png\" \/>\n<meta name=\"twitter:card\" content=\"summary_large_image\" \/>\n<meta name=\"twitter:label1\" content=\"Gesch\u00e4tzte Lesezeit\" \/>\n\t<meta name=\"twitter:data1\" content=\"1 Minute\" \/>\n<script type=\"application\/ld+json\" class=\"yoast-schema-graph\">{\"@context\":\"https:\/\/schema.org\",\"@graph\":[{\"@type\":\"WebPage\",\"@id\":\"https:\/\/dean-waveland.com\/?page_id=358\",\"url\":\"https:\/\/dean-waveland.com\/?page_id=358\",\"name\":\"Impressum - Dean Waveland\",\"isPartOf\":{\"@id\":\"https:\/\/dean-waveland.com\/#website\"},\"primaryImageOfPage\":{\"@id\":\"https:\/\/dean-waveland.com\/?page_id=358#primaryimage\"},\"image\":{\"@id\":\"https:\/\/dean-waveland.com\/?page_id=358#primaryimage\"},\"thumbnailUrl\":\"https:\/\/dean-waveland.com\/wp-content\/uploads\/2023\/02\/DW-dunkler-plus-2--1024x562.png\",\"datePublished\":\"2023-02-12T16:01:23+00:00\",\"dateModified\":\"2023-03-16T19:06:19+00:00\",\"breadcrumb\":{\"@id\":\"https:\/\/dean-waveland.com\/?page_id=358#breadcrumb\"},\"inLanguage\":\"de-DE\",\"potentialAction\":[{\"@type\":\"ReadAction\",\"target\":[\"https:\/\/dean-waveland.com\/?page_id=358\"]}]},{\"@type\":\"ImageObject\",\"inLanguage\":\"de-DE\",\"@id\":\"https:\/\/dean-waveland.com\/?page_id=358#primaryimage\",\"url\":\"https:\/\/dean-waveland.com\/wp-content\/uploads\/2023\/02\/DW-dunkler-plus-2-.png\",\"contentUrl\":\"https:\/\/dean-waveland.com\/wp-content\/uploads\/2023\/02\/DW-dunkler-plus-2-.png\",\"width\":2215,\"height\":1215},{\"@type\":\"BreadcrumbList\",\"@id\":\"https:\/\/dean-waveland.com\/?page_id=358#breadcrumb\",\"itemListElement\":[{\"@type\":\"ListItem\",\"position\":1,\"name\":\"Startseite\",\"item\":\"https:\/\/dean-waveland.com\/\"},{\"@type\":\"ListItem\",\"position\":2,\"name\":\"Impressum\"}]},{\"@type\":\"WebSite\",\"@id\":\"https:\/\/dean-waveland.com\/#website\",\"url\":\"https:\/\/dean-waveland.com\/\",\"name\":\"Dean-wavewland.com\",\"description\":\"Electronic Music Artist \",\"potentialAction\":[{\"@type\":\"SearchAction\",\"target\":{\"@type\":\"EntryPoint\",\"urlTemplate\":\"https:\/\/dean-waveland.com\/?s={search_term_string}\"},\"query-input\":\"required name=search_term_string\"}],\"inLanguage\":\"de-DE\"}]}<\/script>\n<!-- \/ Yoast SEO plugin. -->","yoast_head_json":{"title":"Impressum - Dean Waveland","robots":{"index":"index","follow":"follow","max-snippet":"max-snippet:-1","max-image-preview":"max-image-preview:large","max-video-preview":"max-video-preview:-1"},"canonical":"https:\/\/dean-waveland.com\/?page_id=358","og_locale":"de_DE","og_type":"article","og_title":"Impressum - Dean Waveland","og_description":"Impressum DiensteanbieterKatja Amberg DEJAVUE Musikverlag Weissdornring 3 16833 Fehrbellin Deutschland Kontaktm\u00f6glichkeitenE-Mail-Adresse: studio [ at ] dejavue-musikverlag.de Kontaktformular: https:\/\/dejavue-musikverlag.de\/kontakt Angaben zum UnternehmenUmsatzsteuer Identifikationsnummer (USt-ID): DE328380555 Social Media und andere Onlinepr\u00e4senzenDieses Impressum gilt auch f\u00fcr die folgenden Social-Media-Pr\u00e4senzen und Onlineprofile: Facebook: https:\/\/www.facebook.com\/profile.php?id=100070597311367 Instagram: https:\/\/www.instagram.com\/dean_waveland\/ \u00a0 Haftungs- und SchutzrechtshinweiseUrheberrechte und Markenrechte: Alle auf dieser Website dargestellten Inhalte, wie [&hellip;]","og_url":"https:\/\/dean-waveland.com\/?page_id=358","og_site_name":"Dean Waveland","article_modified_time":"2023-03-16T19:06:19+00:00","og_image":[{"url":"https:\/\/dean-waveland.com\/wp-content\/uploads\/2023\/02\/DW-dunkler-plus-2--1024x562.png"}],"twitter_card":"summary_large_image","twitter_misc":{"Gesch\u00e4tzte Lesezeit":"1 Minute"},"schema":{"@context":"https:\/\/schema.org","@graph":[{"@type":"WebPage","@id":"https:\/\/dean-waveland.com\/?page_id=358","url":"https:\/\/dean-waveland.com\/?page_id=358","name":"Impressum - Dean Waveland","isPartOf":{"@id":"https:\/\/dean-waveland.com\/#website"},"primaryImageOfPage":{"@id":"https:\/\/dean-waveland.com\/?page_id=358#primaryimage"},"image":{"@id":"https:\/\/dean-waveland.com\/?page_id=358#primaryimage"},"thumbnailUrl":"https:\/\/dean-waveland.com\/wp-content\/uploads\/2023\/02\/DW-dunkler-plus-2--1024x562.png","datePublished":"2023-02-12T16:01:23+00:00","dateModified":"2023-03-16T19:06:19+00:00","breadcrumb":{"@id":"https:\/\/dean-waveland.com\/?page_id=358#breadcrumb"},"inLanguage":"de-DE","potentialAction":[{"@type":"ReadAction","target":["https:\/\/dean-waveland.com\/?page_id=358"]}]},{"@type":"ImageObject","inLanguage":"de-DE","@id":"https:\/\/dean-waveland.com\/?page_id=358#primaryimage","url":"https:\/\/dean-waveland.com\/wp-content\/uploads\/2023\/02\/DW-dunkler-plus-2-.png","contentUrl":"https:\/\/dean-waveland.com\/wp-content\/uploads\/2023\/02\/DW-dunkler-plus-2-.png","width":2215,"height":1215},{"@type":"BreadcrumbList","@id":"https:\/\/dean-waveland.com\/?page_id=358#breadcrumb","itemListElement":[{"@type":"ListItem","position":1,"name":"Startseite","item":"https:\/\/dean-waveland.com\/"},{"@type":"ListItem","position":2,"name":"Impressum"}]},{"@type":"WebSite","@id":"https:\/\/dean-waveland.com\/#website","url":"https:\/\/dean-waveland.com\/","name":"Dean-wavewland.com","description":"Electronic Music Artist ","potentialAction":[{"@type":"SearchAction","target":{"@type":"EntryPoint","urlTemplate":"https:\/\/dean-waveland.com\/?s={search_term_string}"},"query-input":"required name=search_term_string"}],"inLanguage":"de-DE"}]}},"_links":{"self":[{"href":"https:\/\/dean-waveland.com\/index.php?rest_route=\/wp\/v2\/pages\/358"}],"collection":[{"href":"https:\/\/dean-waveland.com\/index.php?rest_route=\/wp\/v2\/pages"}],"about":[{"href":"https:\/\/dean-waveland.com\/index.php?rest_route=\/wp\/v2\/types\/page"}],"author":[{"embeddable":true,"href":"https:\/\/dean-waveland.com\/index.php?rest_route=\/wp\/v2\/users\/1"}],"replies":[{"embeddable":true,"href":"https:\/\/dean-waveland.com\/index.php?rest_route=%2Fwp%2Fv2%2Fcomments&post=358"}],"version-history":[{"count":0,"href":"https:\/\/dean-waveland.com\/index.php?rest_route=\/wp\/v2\/pages\/358\/revisions"}],"wp:attachment":[{"href":"https:\/\/dean-waveland.com\/index.php?rest_route=%2Fwp%2Fv2%2Fmedia&parent=358"}],"curies":[{"name":"wp","href":"https:\/\/api.w.org\/{rel}","templated":true}]}}